{"id":1188,"date":"2025-10-10T16:52:09","date_gmt":"2025-10-10T13:52:09","guid":{"rendered":"https:\/\/inolangai.lt\/deco\/"},"modified":"2025-10-10T17:00:57","modified_gmt":"2025-10-10T14:00:57","slug":"decco","status":"publish","type":"page","link":"https:\/\/inolangai.lt\/en\/decco\/","title":{"rendered":"Decco"},"content":{"rendered":"<section class=\"l-section wpb_row us_custom_c2371e00 height_auto\"><div class=\"l-section-overlay\" style=\"background:#edf0f2\"><\/div><div class=\"l-section-h i-cf\"><div class=\"g-cols vc_row via_flex valign_top type_default stacking_default\"><div class=\"vc_col-sm-12 wpb_column vc_column_container\"><div class=\"vc_column-inner\"><div class=\"wpb_wrapper\"><div class=\"w-separator size_custom\" style=\"height:25px\" id=\"n420\"><style>@media(max-width:600px){ #n420{height:0px!important}}<\/style><\/div><div class=\"w-hwrapper valign_middle wrap align_justify\" id=\"mobile-content\"><h2 class=\"w-post-elm post_title us_custom_2774bef1 entry-title color_link_inherit\">Decco<\/h2><\/div><div class=\"w-hwrapper valign_middle wrap align_justify\" id=\"desktop-content\" style=\"--hwrapper-gap:3rem\"><h2 class=\"w-post-elm post_title us_custom_2774bef1 entry-title color_link_inherit\">Decco<\/h2><\/div><\/div><\/div><\/div><\/div><\/div><\/section><section class=\"l-section wpb_row us_custom_47bbda03 height_auto\"><div class=\"l-section-overlay\" style=\"background:#edf0f2\"><\/div><div class=\"l-section-h i-cf\"><div class=\"g-cols vc_row via_flex valign_top type_default stacking_default\"><div class=\"vc_col-sm-12 wpb_column vc_column_container\"><div class=\"vc_column-inner\"><div class=\"wpb_wrapper\"><div class=\"w-grid us_post_list type_grid layout_907 cols_1 overflow_hidden preload_style_spinner\" id=\"us_post_list_j8be\" style=\"--columns:1;--gap:1.5rem;\" data-filterable=\"true\"><style>.layout_907 .w-grid-item-h{border-radius:0.3rem;box-shadow:0 0.03rem 0.06rem rgba(0,0,0,0.1),0 0.1rem 0.3rem rgba(0,0,0,0.1);transition-duration:0.3s}.no-touch .layout_907 .w-grid-item-h:hover{box-shadow:0 0rem 0rem rgba(0,0,0,0.1),0 0rem 0rem rgba(0,0,0,0.15);z-index:4}.layout_907 .usg_post_image_1{transition-duration:0.3s;transform-origin:50% 50%;transform:scale(1) translate(0%,0%)}.layout_907 .w-grid-item-h:focus-within .usg_post_image_1,.layout_907 .w-grid-item-h:hover .usg_post_image_1{transform:scale(1.05) translate(0%,0%);opacity:1}.layout_907 .usg_post_title_1{transition-duration:0s;transform-origin:50% 50%;transform:scale(1) translate(0%,0%)}.layout_907 .w-grid-item-h:focus-within .usg_post_title_1,.layout_907 .w-grid-item-h:hover .usg_post_title_1{transform:scale(1) translate(0%,0%);opacity:1}.layout_907 .usg_html_1{transition-duration:0.3s;transform-origin:50% 50%;transform:scale(1) translate(0%,0%)}.layout_907 .w-grid-item-h:focus-within .usg_html_1,.layout_907 .w-grid-item-h:hover .usg_html_1{transform:scale(1) translate(0%,0%);opacity:1}.layout_907 .usg_hwrapper_1{color:var(--color-content-text)!important;border-radius:2px!important;background:var(--color-header-middle-bg)!important}.layout_907 .usg_post_image_1{width:20%!important;margin-left:3%!important}.layout_907 .usg_vwrapper_1{width:70%!important;margin-left:4%!important;padding-top:4.5%!important;padding-bottom:2%!important;padding-right:5%!important}.layout_907 .usg_post_title_1{font-weight:700!important;font-size:1.4rem!important;line-height:1.2!important}.layout_907 .usg_post_content_1{font-family:Open Sans!important;font-weight:300!important;font-size:0.9rem!important}.layout_907 .usg_hwrapper_2{margin-bottom:1.2rem!important}.layout_907 .usg_post_custom_field_2{font-size:2rem!important;line-height:1!important;margin-bottom:0px!important}.layout_907 .usg_html_1{width:2.3rem!important;height:4px!important;margin-left:10px!important;margin-bottom:5px!important;background:#ee532f!important}.layout_907 .usg_post_taxonomy_1{font-size:16px!important;position:absolute!important;left:0!important;top:0!important;z-index:111!important}@media (min-width:601px) and (max-width:1024px){.layout_907 .usg_post_image_1{width:20%!important}.layout_907 .usg_hwrapper_2{margin-top:15px!important;margin-bottom:1.2rem!important}.layout_907 .usg_html_1{margin-left:10px!important;margin-bottom:5px!important}}@media (max-width:600px){.layout_907 .usg_post_image_1{width:50%!important;margin-left:23%!important;margin-top:3%!important}.layout_907 .usg_vwrapper_1{width:100%!important;margin:5% 7% 7% 7%!important}.layout_907 .usg_post_title_1{width:300px!important}.layout_907 .usg_hwrapper_2{margin-top:20px!important;margin-bottom:1.2rem!important}.layout_907 .usg_html_1{margin-left:0px!important;margin-bottom:5px!important}}<\/style><div class=\"w-grid-list\">\t<article class=\"w-grid-item size_1x1 post-1170 glansa-produktai type-glansa-produktai status-publish has-post-thumbnail hentry category-decco\" data-id=\"1170\">\r\n\t\t<div class=\"w-grid-item-h\">\r\n\t\t\t\t\t\t<div class=\"w-hwrapper usg_hwrapper_1 has_text_color align_left valign_middle wrap\"><div class=\"w-post-elm post_image usg_post_image_1 has_width has_ratio\"><a ref=\"magnificPopup\" href=\"https:\/\/inolangai.lt\/wp-content\/uploads\/2020\/09\/Decco-71-Product.jpg\" aria-label=\"Decco 71\"><img loading=\"lazy\" decoding=\"async\" width=\"450\" height=\"450\" src=\"https:\/\/inolangai.lt\/wp-content\/uploads\/2020\/09\/Decco-71-Product.jpg\" class=\"attachment-large size-large wp-post-image\" alt=\"\" \/><\/a><div style=\"padding-bottom:133.3333%\"><\/div><\/div><div class=\"w-vwrapper usg_vwrapper_1 align_left valign_top\"><div class=\"w-post-elm post_taxonomy usg_post_taxonomy_1 style_badge color_link_inherit\"><span class=\"w-btn us-btn-style_3 term-30 term-decco\"><span class=\"w-btn-label\">DECCO<\/span><\/span><\/div><div class=\"w-hwrapper usg_hwrapper_2 align_left valign_bottom wrap\" style=\"--hwrapper-gap:0.9em\"><h2 class=\"w-post-elm post_title usg_post_title_1 entry-title color_link_inherit\">Decco 71<\/h2><div class=\"w-html usg_html_1 orange-line\"><\/div><h3 class=\"w-post-elm post_custom_field usg_post_custom_field_2 type_text produkto_modelis color_link_inherit\"><span class=\"w-post-elm-value\"><\/span><\/h3><\/div><div class=\"w-post-elm post_content usg_post_content_1 with_collapsible_content\" data-content-height=\"180px\"><div><section class=\"l-section wpb_row height_auto width_full\"><div class=\"l-section-h i-cf\"><div class=\"g-cols vc_row via_flex valign_top type_default stacking_default\"><div class=\"vc_col-sm-6 wpb_column vc_column_container\"><div class=\"vc_column-inner\"><div class=\"wpb_wrapper\"><div class=\"wpb_text_column\"><div class=\"wpb_wrapper\"><p><strong>Profilis:<\/strong><br \/>\n&#8211; 70 mm plo\u010dio<br \/>\n&#8211; 6 kameros<\/p>\n<\/div><\/div><div class=\"wpb_text_column\"><div class=\"wpb_wrapper\"><p>I\u0161orini\u0173 sieneli\u0173 storis \u2013 2,6 mm<br \/>\n<strong>Voki\u0161ki <b>MACO<\/b> apkaustai<\/strong><br \/>\nCinkuoto plieno armuot\u0117 profilio viduje \u2013 1,5 mm<br \/>\nVidinio sandarinimo sistema su <strong>2 juodomis<\/strong> sandarinimo tarpin\u0117mis<br \/>\nSandarinimo tarpin\u0117s atsparios atmosferos poveikiams \u2013 \u0161al\u010diui, dr\u0117gmei, saul\u0117s spinduliams<br \/>\n<strong>Standartin\u0117s spalvos<\/strong>: Antracit; Mooreiche; Mahagoni; Nussbaum; Golden oak; Braun.<\/p>\n<\/div><\/div><div class=\"wpb_text_column\"><div class=\"wpb_wrapper\"><p><strong>\u0160ilumin\u0117s savyb\u0117s:<\/strong><br \/>\nUw \ua4ff 1,34 W\/m 2 K su 24 mm stiklo paketu<br \/>\nUw \ua4ff 0,95 W\/m 2 K su 36 mm stiklo paketu ir termo r\u0117meliu<\/p>\n<\/div><\/div><\/div><\/div><\/div><div class=\"vc_col-sm-6 wpb_column vc_column_container\"><div class=\"vc_column-inner\"><div class=\"wpb_wrapper\"><div class=\"wpb_text_column\"><div class=\"wpb_wrapper\"><p><strong>Stiklas:<\/strong><br \/>\n&#8211; Stiklo paketas u\u017epildytas argono dujomis<br \/>\n&#8211; Aliuminio arba termo r\u0117melis<br \/>\n&#8211; 24 mm stiklo paketas su 1 selektyviniu stiklu arba 36 mm stiklo paketas su 2 selektyviniais stiklais (24 mm u\u017epildas)<\/p>\n<\/div><\/div><div class=\"wpb_text_column\"><div class=\"wpb_wrapper\"><p><strong>Priedai:<\/strong><br \/>\n&#8211; Praplatinimai: 25 mm; 40 mm; 100 mm<br \/>\n&#8211; Kampinis prof. 90 \u2013 77 mm<br \/>\n&#8211; Statin\u0117 jungtis \u2013 25 mm<br \/>\n&#8211; Fasadin\u0117 statin\u0117 jungtis \u2013 44 mm<br \/>\n&#8211; H jungimas<br \/>\n&#8211; Apvali jungtis<\/p>\n<\/div><\/div><\/div><\/div><\/div><\/div><\/div><\/section>\n<\/div><div class=\"toggle-links align_default\"><button class=\"collapsible-content-more\">Show more<\/button><button class=\"collapsible-content-less\">Show less<\/button><\/div><\/div><\/div><\/div>\t\t<\/div>\r\n\t\t\t<\/article>\r\n\t<article class=\"w-grid-item size_1x1 post-1173 glansa-produktai type-glansa-produktai status-publish has-post-thumbnail hentry category-decco\" data-id=\"1173\">\r\n\t\t<div class=\"w-grid-item-h\">\r\n\t\t\t\t\t\t<div class=\"w-hwrapper usg_hwrapper_1 has_text_color align_left valign_middle wrap\"><div class=\"w-post-elm post_image usg_post_image_1 has_width has_ratio\"><a ref=\"magnificPopup\" href=\"https:\/\/inolangai.lt\/wp-content\/uploads\/2020\/09\/decco82-3-stiklu-1.jpg\" aria-label=\"Decco 82\"><img loading=\"lazy\" decoding=\"async\" width=\"313\" height=\"313\" src=\"https:\/\/inolangai.lt\/wp-content\/uploads\/2020\/09\/decco82-3-stiklu-1.jpg\" class=\"attachment-large size-large wp-post-image\" alt=\"\" \/><\/a><div style=\"padding-bottom:133.3333%\"><\/div><\/div><div class=\"w-vwrapper usg_vwrapper_1 align_left valign_top\"><div class=\"w-post-elm post_taxonomy usg_post_taxonomy_1 style_badge color_link_inherit\"><span class=\"w-btn us-btn-style_3 term-30 term-decco\"><span class=\"w-btn-label\">DECCO<\/span><\/span><\/div><div class=\"w-hwrapper usg_hwrapper_2 align_left valign_bottom wrap\" style=\"--hwrapper-gap:0.9em\"><h2 class=\"w-post-elm post_title usg_post_title_1 entry-title color_link_inherit\">Decco 82<\/h2><div class=\"w-html usg_html_1 orange-line\"><\/div><h3 class=\"w-post-elm post_custom_field usg_post_custom_field_2 type_text produkto_modelis color_link_inherit\"><span class=\"w-post-elm-value\"><\/span><\/h3><\/div><div class=\"w-post-elm post_content usg_post_content_1 with_collapsible_content\" data-content-height=\"180px\"><div><section class=\"l-section wpb_row height_auto width_full\"><div class=\"l-section-h i-cf\"><div class=\"g-cols vc_row via_flex valign_top type_default stacking_default\"><div class=\"vc_col-sm-6 wpb_column vc_column_container\"><div class=\"vc_column-inner\"><div class=\"wpb_wrapper\"><div class=\"wpb_text_column\"><div class=\"wpb_wrapper\"><p><strong>Profilis:<\/strong><br \/>\n&#8211; 81 mm plo\u010dio<br \/>\n&#8211; 6 kameros<\/p>\n<\/div><\/div><div class=\"wpb_text_column\"><div class=\"wpb_wrapper\"><p>I\u0161orini\u0173 sieneli\u0173 storis \u2013 2,6 mm<br \/>\n<strong>Voki\u0161ki <b>MACO<\/b> apkaustai<\/strong><br \/>\nCinkuoto plieno armuot\u0117 profilio viduje \u2013 1,5 mm<br \/>\nVidinio sandarinimo sistema su <strong>2 juodomis<\/strong> sandarinimo tarpin\u0117mis<br \/>\nSandarinimo tarpin\u0117s atsparios atmosferos poveikiams \u2013 \u0161al\u010diui, dr\u0117gmei, saul\u0117s spinduliams<br \/>\n<strong>Standartin\u0117s spalvos<\/strong>: Antracit; Mooreiche; Mahagoni; Nussbaum; Golden oak; Braun.<\/p>\n<\/div><\/div><div class=\"wpb_text_column\"><div class=\"wpb_wrapper\"><p><strong>\u0160ilumin\u0117s savyb\u0117s:<\/strong><br \/>\nUw \ua4ff 0,85 W\/m 2 K su 48 mm stiklo paketu<br \/>\nUw \ua4ff 0,75 W\/m 2 K su 48 mm stiklo paketu ir termo r\u0117meliu<\/p>\n<\/div><\/div><\/div><\/div><\/div><div class=\"vc_col-sm-6 wpb_column vc_column_container\"><div class=\"vc_column-inner\"><div class=\"wpb_wrapper\"><div class=\"wpb_text_column\"><div class=\"wpb_wrapper\"><p><strong>Stiklas:<\/strong><br \/>\n&#8211; Stiklo paketas u\u017epildytas argono dujomis<br \/>\n&#8211; Aliuminio arba termo r\u0117melis<br \/>\n&#8211; 48 mm stiklo paketas su 2 selektyviniais stiklais<\/p>\n<\/div><\/div><div class=\"wpb_text_column\"><div class=\"wpb_wrapper\"><p><strong>Priedai:<\/strong><br \/>\n&#8211; Praplatinimai: 25 mm; 40 mm; 100 mm<br \/>\n&#8211; Kampinis prof. 90 \u2013 110 mm<br \/>\n&#8211; Statin\u0117 jungtis \u2013 26 mm<br \/>\n&#8211; Fasadin\u0117 statin\u0117 jungtis \u2013 44 mm<br \/>\n&#8211; H jungimas<br \/>\n&#8211; Apvali jungtis<\/p>\n<\/div><\/div><\/div><\/div><\/div><\/div><\/div><\/section>\n<\/div><div class=\"toggle-links align_default\"><button class=\"collapsible-content-more\">Show more<\/button><button class=\"collapsible-content-less\">Show less<\/button><\/div><\/div><\/div><\/div>\t\t<\/div>\r\n\t\t\t<\/article>\r\n\t<article class=\"w-grid-item size_1x1 post-1171 glansa-produktai type-glansa-produktai status-publish has-post-thumbnail hentry category-decco\" data-id=\"1171\">\r\n\t\t<div class=\"w-grid-item-h\">\r\n\t\t\t\t\t\t<div class=\"w-hwrapper usg_hwrapper_1 has_text_color align_left valign_middle wrap\"><div class=\"w-post-elm post_image usg_post_image_1 has_width has_ratio\"><a ref=\"magnificPopup\" href=\"https:\/\/inolangai.lt\/wp-content\/uploads\/2020\/09\/DECCO_71_lauko_durys.jpg\" aria-label=\"Decco 71 Lauko durys\"><img loading=\"lazy\" decoding=\"async\" width=\"512\" height=\"446\" src=\"https:\/\/inolangai.lt\/wp-content\/uploads\/2020\/09\/DECCO_71_lauko_durys.jpg\" class=\"attachment-large size-large wp-post-image\" alt=\"\" \/><\/a><div style=\"padding-bottom:133.3333%\"><\/div><\/div><div class=\"w-vwrapper usg_vwrapper_1 align_left valign_top\"><div class=\"w-post-elm post_taxonomy usg_post_taxonomy_1 style_badge color_link_inherit\"><span class=\"w-btn us-btn-style_3 term-30 term-decco\"><span class=\"w-btn-label\">DECCO<\/span><\/span><\/div><div class=\"w-hwrapper usg_hwrapper_2 align_left valign_bottom wrap\" style=\"--hwrapper-gap:0.9em\"><h2 class=\"w-post-elm post_title usg_post_title_1 entry-title color_link_inherit\">Decco 71 Lauko durys<\/h2><div class=\"w-html usg_html_1 orange-line\"><\/div><h3 class=\"w-post-elm post_custom_field usg_post_custom_field_2 type_text produkto_modelis color_link_inherit\"><span class=\"w-post-elm-value\"><\/span><\/h3><\/div><div class=\"w-post-elm post_content usg_post_content_1 with_collapsible_content\" data-content-height=\"180px\"><div><section class=\"l-section wpb_row height_auto width_full\"><div class=\"l-section-h i-cf\"><div class=\"g-cols vc_row via_flex valign_top type_default stacking_default\"><div class=\"vc_col-sm-6 wpb_column vc_column_container\"><div class=\"vc_column-inner\"><div class=\"wpb_wrapper\"><div class=\"wpb_text_column\"><div class=\"wpb_wrapper\"><p><strong>R\u0117mas 78 mm (6 kamer\u0173)<\/strong><br \/>\n<strong>Var\u010dia 125 mm (lauko durims)<\/strong><\/p>\n<p><strong>Stiklo paketas &#8211; 24 mm arba 36 mm; u\u017epildo plok\u0161t\u0117 &#8211; 24 mm.<\/strong><\/p>\n<\/div><\/div><div class=\"wpb_text_column\"><div class=\"wpb_wrapper\"><p><strong>Slenks\u010di\u0173 pasirinkimas:<\/strong><br \/>\n&#8211; GKG \u2013 \u201e\u0161iltas\u201c<br \/>\n&#8211; DECCO \u2013 \u201e\u0161altas\u201c<br \/>\n&#8211; automatinis<br \/>\n&#8211; auk\u0161tas PVC<br \/>\n&#8211; be slenks\u010dio<\/p>\n<\/div><\/div><\/div><\/div><\/div><div class=\"vc_col-sm-6 wpb_column vc_column_container\"><div class=\"vc_column-inner\"><div class=\"wpb_wrapper\"><div class=\"wpb_text_column\"><div class=\"wpb_wrapper\"><p><strong>Spyn\u0173 pasirinkimas:<\/strong><br \/>\n&#8211; 3-j\u0173 kai\u0161\u010di\u0173 nuo rakto (tik 125 mm durims)<br \/>\n&#8211; 3-j\u0173 kai\u0161\u010di\u0173 nuo rankenos (tik 125 mm durims)<br \/>\n&#8211; Su 4 ratukais<br \/>\n&#8211; Automatin\u0117 (tik 125 mm durims)<br \/>\n&#8211; 1 kai\u0161\u010dio<\/p>\n<\/div><\/div><div class=\"wpb_text_column\"><div class=\"wpb_wrapper\"><p><strong>Vyri\u0173 pasirinkimas:<\/strong><br \/>\n&#8211; SIMONS (tik 125 mm durims)<br \/>\n&#8211; JOCKER<\/p>\n<\/div><\/div><div class=\"wpb_text_column\"><div class=\"wpb_wrapper\"><p><strong>Ranken\u0173 pasirinkimas:<\/strong><br \/>\n&#8211; Nulenkiama<br \/>\n&#8211; Lenkiama\/traukiama<br \/>\n&#8211; Traukiama\/traukiama (sta\u010diakamp\u0117 arba ner\u016bdijan\u010dio plieno rankena-vamzdis nuo 400 mm iki 1800 mm ilgio)<\/p>\n<\/div><\/div><\/div><\/div><\/div><\/div><\/div><\/section>\n<\/div><div class=\"toggle-links align_default\"><button class=\"collapsible-content-more\">Show more<\/button><button class=\"collapsible-content-less\">Show less<\/button><\/div><\/div><\/div><\/div>\t\t<\/div>\r\n\t\t\t<\/article>\r\n\t<article class=\"w-grid-item size_1x1 post-1172 glansa-produktai type-glansa-produktai status-publish has-post-thumbnail hentry category-decco\" data-id=\"1172\">\r\n\t\t<div class=\"w-grid-item-h\">\r\n\t\t\t\t\t\t<div class=\"w-hwrapper usg_hwrapper_1 has_text_color align_left valign_middle wrap\"><div class=\"w-post-elm post_image usg_post_image_1 has_width has_ratio\"><a ref=\"magnificPopup\" href=\"https:\/\/inolangai.lt\/wp-content\/uploads\/2020\/09\/Decco-71-vidaus-durys.jpg\" aria-label=\"Decco 71 vidaus durys\"><img loading=\"lazy\" decoding=\"async\" width=\"600\" height=\"706\" src=\"https:\/\/inolangai.lt\/wp-content\/uploads\/2020\/09\/Decco-71-vidaus-durys.jpg\" class=\"attachment-large size-large wp-post-image\" alt=\"\" \/><\/a><div style=\"padding-bottom:133.3333%\"><\/div><\/div><div class=\"w-vwrapper usg_vwrapper_1 align_left valign_top\"><div class=\"w-post-elm post_taxonomy usg_post_taxonomy_1 style_badge color_link_inherit\"><span class=\"w-btn us-btn-style_3 term-30 term-decco\"><span class=\"w-btn-label\">DECCO<\/span><\/span><\/div><div class=\"w-hwrapper usg_hwrapper_2 align_left valign_bottom wrap\" style=\"--hwrapper-gap:0.9em\"><h2 class=\"w-post-elm post_title usg_post_title_1 entry-title color_link_inherit\">Decco 71 vidaus durys<\/h2><div class=\"w-html usg_html_1 orange-line\"><\/div><h3 class=\"w-post-elm post_custom_field usg_post_custom_field_2 type_text produkto_modelis color_link_inherit\"><span class=\"w-post-elm-value\"><\/span><\/h3><\/div><div class=\"w-post-elm post_content usg_post_content_1 with_collapsible_content\" data-content-height=\"180px\"><div><section class=\"l-section wpb_row height_auto width_full\"><div class=\"l-section-h i-cf\"><div class=\"g-cols vc_row via_flex valign_top type_default stacking_default\"><div class=\"vc_col-sm-6 wpb_column vc_column_container\"><div class=\"vc_column-inner\"><div class=\"wpb_wrapper\"><div class=\"wpb_text_column\"><div class=\"wpb_wrapper\"><p><strong>R\u0117mas 78 mm (6 kamer\u0173)<\/strong><br \/>\n<strong>Var\u010dia 95 mm<\/strong><br \/>\n<strong>Stiklo paketas &#8211; 24 mm arba 36 mm; u\u017epildo plok\u0161t\u0117 &#8211; 24 mm.<\/strong><\/p>\n<\/div><\/div><div class=\"wpb_text_column\"><div class=\"wpb_wrapper\"><p><strong>Slenks\u010di\u0173 pasirinkimas:<\/strong><br \/>\n&#8211; GKG \u2013 \u201e\u0161iltas\u201c<br \/>\n&#8211; DECCO \u2013 \u201e\u0161altas\u201c<br \/>\n&#8211; automatinis<br \/>\n&#8211; auk\u0161tas PVC<br \/>\n&#8211; be slenks\u010dio<\/p>\n<\/div><\/div><\/div><\/div><\/div><div class=\"vc_col-sm-6 wpb_column vc_column_container\"><div class=\"vc_column-inner\"><div class=\"wpb_wrapper\"><div class=\"wpb_text_column\"><div class=\"wpb_wrapper\"><p><strong>Spyn\u0173 pasirinkimas:<\/strong><br \/>\n&#8211; Su 4 ratukais<br \/>\n&#8211; 1 kai\u0161\u010dio<\/p>\n<\/div><\/div><div class=\"wpb_text_column\"><div class=\"wpb_wrapper\"><p><strong>Vyri\u0173 pasirinkimas:<\/strong><br \/>\n&#8211; JOCKER<\/p>\n<\/div><\/div><div class=\"wpb_text_column\"><div class=\"wpb_wrapper\"><p><strong>Ranken\u0173 pasirinkimas:<\/strong><br \/>\n&#8211; Nulenkiama<br \/>\n&#8211; Lenkiama\/traukiama<br \/>\n&#8211; Traukiama\/traukiama<\/p>\n<\/div><\/div><\/div><\/div><\/div><\/div><\/div><\/section>\n<\/div><div class=\"toggle-links align_default\"><button class=\"collapsible-content-more\">Show more<\/button><button class=\"collapsible-content-less\">Show less<\/button><\/div><\/div><\/div><\/div>\t\t<\/div>\r\n\t\t\t<\/article>\r\n<\/div><div class=\"g-loadmore hidden\"><div class=\"g-preloader type_1\"><div><\/div><\/div><\/div><div class=\"w-grid-list-json hidden\" onclick='return {&quot;max_num_pages&quot;:0,&quot;pagination&quot;:&quot;none&quot;,&quot;paged&quot;:1,&quot;ajaxData&quot;:{&quot;action&quot;:&quot;us_ajax_post_list&quot;,&quot;meta_type&quot;:&quot;post&quot;,&quot;object_id&quot;:0,&quot;template_vars&quot;:{&quot;paged&quot;:1,&quot;max_num_pages&quot;:0,&quot;no_results&quot;:false,&quot;source&quot;:&quot;all&quot;,&quot;custom_field_name&quot;:&quot;&quot;,&quot;ids&quot;:&quot;&quot;,&quot;post_type&quot;:&quot;glansa-produktai&quot;,&quot;attachment_ids&quot;:null,&quot;include_post_thumbnail&quot;:0,&quot;post_author&quot;:&quot;any&quot;,&quot;post_author_ids&quot;:&quot;&quot;,&quot;apply_url_params&quot;:0,&quot;exclude_children&quot;:0,&quot;exclude_current_post&quot;:1,&quot;exclude_prev_posts&quot;:0,&quot;enable_items_offset&quot;:0,&quot;items_offset&quot;:&quot;1&quot;,&quot;tax_query_relation&quot;:&quot;OR&quot;,&quot;tax_query&quot;:&quot;%5B%7B%22operator%22%3A%22IN%22%2C%22taxonomy%22%3A%22category%22%2C%22terms%22%3A%2230%22%2C%22include_children%22%3A%220%22%7D%5D&quot;,&quot;meta_query_relation&quot;:&quot;none&quot;,&quot;meta_query&quot;:[{&quot;key&quot;:&quot;custom_field_name&quot;,&quot;compare&quot;:&quot;=&quot;,&quot;value&quot;:&quot;&quot;}],&quot;orderby&quot;:&quot;date&quot;,&quot;orderby_custom_field&quot;:&quot;&quot;,&quot;orderby_custom_type&quot;:0,&quot;order_invert&quot;:0,&quot;show_all&quot;:0,&quot;quantity&quot;:&quot;12&quot;,&quot;posts_per_archive_page&quot;:0,&quot;no_items_action&quot;:&quot;message&quot;,&quot;no_items_message&quot;:&quot;No results found.&quot;,&quot;no_items_page_block&quot;:&quot;&quot;,&quot;pagination&quot;:&quot;none&quot;,&quot;pagination_style&quot;:&quot;&quot;,&quot;pagination_btn_text&quot;:&quot;Load More&quot;,&quot;pagination_btn_size&quot;:&quot;&quot;,&quot;pagination_btn_style&quot;:&quot;1&quot;,&quot;pagination_btn_fullwidth&quot;:0,&quot;items_layout&quot;:&quot;907&quot;,&quot;type&quot;:&quot;grid&quot;,&quot;items_valign&quot;:0,&quot;ignore_items_size&quot;:0,&quot;columns&quot;:&quot;1&quot;,&quot;items_gap&quot;:&quot;1.5rem&quot;,&quot;load_animation&quot;:&quot;none&quot;,&quot;items_preload_style&quot;:&quot;spinner&quot;,&quot;img_size&quot;:&quot;default&quot;,&quot;title_size&quot;:&quot;&quot;,&quot;items_ratio&quot;:&quot;default&quot;,&quot;items_ratio_width&quot;:&quot;21&quot;,&quot;items_ratio_height&quot;:&quot;9&quot;,&quot;overriding_link&quot;:&quot;%7B%22url%22%3A%22%22%7D&quot;,&quot;popup_width&quot;:&quot;&quot;,&quot;popup_arrows&quot;:1,&quot;breakpoint_1_width&quot;:&quot;1381px&quot;,&quot;breakpoint_1_cols&quot;:&quot;default&quot;,&quot;breakpoint_1_quantity&quot;:&quot;&quot;,&quot;breakpoint_1_gap&quot;:&quot;&quot;,&quot;breakpoint_2_width&quot;:&quot;1025px&quot;,&quot;breakpoint_2_cols&quot;:&quot;1&quot;,&quot;breakpoint_2_quantity&quot;:&quot;&quot;,&quot;breakpoint_2_gap&quot;:&quot;&quot;,&quot;breakpoint_3_width&quot;:&quot;601px&quot;,&quot;breakpoint_3_cols&quot;:&quot;1&quot;,&quot;breakpoint_3_quantity&quot;:&quot;&quot;,&quot;breakpoint_3_gap&quot;:&quot;&quot;,&quot;conditions_operator&quot;:&quot;always&quot;,&quot;conditions&quot;:[],&quot;css&quot;:null,&quot;el_class&quot;:&quot;&quot;,&quot;el_id&quot;:&quot;&quot;,&quot;enable_custom_html_atts&quot;:0,&quot;custom_html_atts&quot;:null,&quot;hide_on_states&quot;:&quot;&quot;,&quot;hide_for_sticky&quot;:0,&quot;hide_for_not_sticky&quot;:0,&quot;hide_below&quot;:&quot;0px&quot;,&quot;hide_above&quot;:&quot;0px&quot;,&quot;classes&quot;:&quot;&quot;}},&quot;facetedFilter&quot;:[]}'><\/div><\/div><\/div><\/div><\/div><\/div><\/div><\/section>\n","protected":false},"excerpt":{"rendered":"R\u0117mas 78 mm (6 kamer\u0173) Var\u010dia 95 mm Stiklo paketas &#8211; 24 mm arba 36 mm; u\u017epildo plok\u0161t\u0117 &#8211; 24 mm. Slenks\u010di\u0173 pasirinkimas: &#8211; GKG \u2013 \u201e\u0161iltas\u201c &#8211; DECCO \u2013 \u201e\u0161altas\u201c &#8211; automatinis &#8211; auk\u0161tas PVC &#8211; be slenks\u010dio Spyn\u0173 pasirinkimas: &#8211; Su 4 ratukais &#8211; 1 kai\u0161\u010dio Vyri\u0173 pasirinkimas: &#8211; JOCKER Ranken\u0173 pasirinkimas: &#8211;...","protected":false},"author":1,"featured_media":0,"parent":0,"menu_order":0,"comment_status":"closed","ping_status":"closed","template":"","meta":{"_acf_changed":false,"footnotes":""},"class_list":["post-1188","page","type-page","status-publish","hentry"],"acf":[],"_links":{"self":[{"href":"https:\/\/inolangai.lt\/en\/wp-json\/wp\/v2\/pages\/1188","targetHints":{"allow":["GET"]}}],"collection":[{"href":"https:\/\/inolangai.lt\/en\/wp-json\/wp\/v2\/pages"}],"about":[{"href":"https:\/\/inolangai.lt\/en\/wp-json\/wp\/v2\/types\/page"}],"author":[{"embeddable":true,"href":"https:\/\/inolangai.lt\/en\/wp-json\/wp\/v2\/users\/1"}],"replies":[{"embeddable":true,"href":"https:\/\/inolangai.lt\/en\/wp-json\/wp\/v2\/comments?post=1188"}],"version-history":[{"count":5,"href":"https:\/\/inolangai.lt\/en\/wp-json\/wp\/v2\/pages\/1188\/revisions"}],"predecessor-version":[{"id":1210,"href":"https:\/\/inolangai.lt\/en\/wp-json\/wp\/v2\/pages\/1188\/revisions\/1210"}],"wp:attachment":[{"href":"https:\/\/inolangai.lt\/en\/wp-json\/wp\/v2\/media?parent=1188"}],"curies":[{"name":"wp","href":"https:\/\/api.w.org\/{rel}","templated":true}]}}